{"id":11,"date":"2014-12-09T13:37:10","date_gmt":"2014-12-09T11:37:10","guid":{"rendered":"http:\/\/pauder.de\/?page_id=11"},"modified":"2015-04-18T09:31:05","modified_gmt":"2015-04-18T07:31:05","slug":"mein-profil","status":"publish","type":"page","link":"https:\/\/pauder.de\/?page_id=11","title":{"rendered":"Mein Weg"},"content":{"rendered":"<p><a href=\"http:\/\/pauder.de\/wp-content\/uploads\/2014\/12\/tierkommu2.jpg\"><img loading=\"lazy\" decoding=\"async\" class=\"alignright wp-image-104 size-medium\" src=\"http:\/\/pauder.de\/wp-content\/uploads\/2014\/12\/tierkommu2-300x225.jpg\" alt=\"tierkommu2\" width=\"300\" height=\"225\" srcset=\"https:\/\/pauder.de\/wp-content\/uploads\/2014\/12\/tierkommu2-300x225.jpg 300w, https:\/\/pauder.de\/wp-content\/uploads\/2014\/12\/tierkommu2.jpg 1000w\" sizes=\"auto, (max-width: 300px) 100vw, 300px\" \/><\/a>Nach Abitur und Studium hatte ich einen \u201ebodenst\u00e4ndigen\u201c B\u00fcrojob und wie die meisten Menschen habe ich in erster Linie das geglaubt, was ich sehen und anfassen kann. Ich war furchtbar skeptisch, als eine Kollegin bei mir \u201eHand auflegen\u201c wollte, damit meine Kopfschmerzen weggehen. Aber ich war neugierig und habe geschehen lassen, dass dieses Handauflegen mein Leben ver\u00e4ndert.<\/p>\n<p>Zun\u00e4chst ist aus der Bibliothekarin und Bildredakteurin die Inhaberin einer kleinen Fotoagentur f\u00fcr Reise- und Tierfotos geworden. Und weil ich in meinem Ein-Frau-Betrieb von zu Hause gearbeitet habe, wollte ich auf die Gesellschaft eines Hundes nicht mehr verzichten. Deshalb kam unser spanischer Mischling Charly zu uns, durch ihn die Mitarbeit im Tierschutzverein und die Arbeit mit Pflegehunden und schlie\u00dflich die Umschulung zur Tierheilpraktikerin.<\/p>\n<p>12 Jahre lang hat Charly mich auf meinem Weg weitergebracht und mir mit seinen schweren Krankheiten (und seiner panischen Angst vor Tier\u00e4rzten und Spritzen) bewiesen, wie kraftvoll die Naturheilkunde ist. Er hat mich immer so klug angeguckt, dass ich sicher war, er habe mir eine Menge mitzuteilen und brachte mich vor 10 Jahren dazu, Tierkommunikation zu erlernen.<br \/>\nCharly war auch f\u00fcr viele Sch\u00fcler\/innen von mir ein gro\u00dfartiger Lehrer und hat mich selbst mit seinem sanften Abschied 2012 viel gelehrt.<\/p>\n<p>F\u00fcr meine beiden Kinder ist es normal, sich untereinander und mit den Tieren auf Schwingungsebene zu verst\u00e4ndigen auch wenn es f\u00fcr sie schwerer greifbar wird je \u00e4lter sie werden. Wir haben festgestellt, dass Spiritualit\u00e4t duchaus alltagstauglich ist und nicht abgehoben sein mu\u00df.<\/p>\n<p>Es gibt viel zwischen Himmel und Erde, was sich nicht wissenschaftlich nachweisen und empirisch belegen l\u00e4sst, das aber eine Menge Hoffnung und Heilung bringt.<\/p>\n<h3>Meine Ausbildung<\/h3>\n<p>Ute Lehmann hat mit ihrer Tierheilpraktikerausbildung den Grundstock gelegt. Und ich habe vor allem nebenbei sehr viel gelernt, was mein Leben geh\u00f6rig durcheinander gebracht hat&#8230;<br \/>\n<a href=\"http:\/\/www.natur-heil-praxis.de\" target=\"_blank\">www.natur-heil-praxis.de<\/a><\/p>\n<p>Nicole Sch\u00f6fmann hat mir mit der Tierkommunikation eine neue Welt gezeigt und\u00a0 meine Arbeit auf ein hohes Niveau gehoben.<br \/>\n<a href=\"http:\/\/www.tiermedium.de\" target=\"_blank\">www.tiermedium.de<\/a><\/p>\n<p>Dorothee Wellens-M\u00fccher hat mir das Vertrauen in meine Finger gegeben und mir gezeigt, wie &#8222;normal&#8220; es ist, eine Heilerin zu sein.<br \/>\n<a href=\"http:\/\/www.mediakupress.de\" target=\"_blank\">www.mediakupress.de<\/a><\/p>\n<p>Linda Tellington-Jones ist eine beeindruckende Frau mit sehr sanften H\u00e4nden. Ich habe den TToch bei ihr pers\u00f6nlich gelernt und noch einiges mehr.<br \/>\n<a href=\"http:\/\/www.lindatellington-jones.com\" target=\"_blank\">www.lindatellington-jones.com<\/a><\/p>\n<p>Barbara Druwe hat mich Qi Gong und die &#8222;Methamorphische Methode&#8220; gelehrt, mir das Thema &#8222;Energetischer Schutz&#8220; nahegebracht und mich in vielen Therapiesitzungen &#8222;die inneren Fesseln sprengen&#8220; lassen.<br \/>\n<a href=\"http:\/\/www.barbaradruwe.de\" target=\"_blank\">www.barbaradruwe.de<\/a><\/p>\n<p>Andrea Jonas hat mir die Welt der Pferde gezeigt und mit Hilfe ihrer Therapiepferde alte Blockaden gel\u00f6st und mein Herz ge\u00f6ffnet.<br \/>\n<a href=\"http:\/\/www.andrea-jonas.de\" target=\"_blank\">www.andrea-jonas.de<\/a><\/p>\n<p>Matina Stolten hat mich in die Welt der Quantenmethode eingef\u00fchrt und mit vielen wertvollen Tipps meine Arbeit und meinen Unterricht bereichert.<br \/>\n<a href=\"http:\/\/www.matinastolten.de\" target=\"_blank\">www.matinastolten.de<\/a><\/p>\n<p>Frauke Rolff lehrte mich viel \u00fcber Pferde und Feldenkrais und hat mich dazu gebracht, Tierkommunikation zu unterrichten. Und dann sind da noch Meike Dorstewitz und Viola Rodhorst, die im Rahmen eines Praktikums meine Massagetechnik verfeinert haben, Karin Krause und Heidrun Reinhardt, die mich \u00fcberhaupt erst auf den Weg gebracht haben und Dr. Matthias Warzecha und sein Team, die mir mit der Verkn\u00fcpfung von tier\u00e4rztlichem und naturheilkundlichem Wissen zur Seite stehen.<\/p>\n<p><a href=\"http:\/\/pauder.de\/?page_id=154\">Lebenslauf<\/a><\/p>\n","protected":false},"excerpt":{"rendered":"<p>Nach Abitur und Studium hatte ich einen \u201ebodenst\u00e4ndigen\u201c B\u00fcrojob und wie die meisten Menschen habe ich in erster Linie das geglaubt, was ich sehen und anfassen kann. Ich war furchtbar skeptisch, als eine Kollegin bei mir \u201eHand auflegen\u201c wollte, damit meine Kopfschmerzen weggehen. Aber ich war neugierig und habe geschehen lassen, dass dieses Handauflegen mein [&hellip;]<\/p>\n","protected":false},"author":1,"featured_media":0,"parent":0,"menu_order":4,"comment_status":"closed","ping_status":"closed","template":"full-width-page.php","meta":{"footnotes":""},"class_list":["post-11","page","type-page","status-publish","hentry"],"_links":{"self":[{"href":"https:\/\/pauder.de\/index.php?rest_route=\/wp\/v2\/pages\/11","targetHints":{"allow":["GET"]}}],"collection":[{"href":"https:\/\/pauder.de\/index.php?rest_route=\/wp\/v2\/pages"}],"about":[{"href":"https:\/\/pauder.de\/index.php?rest_route=\/wp\/v2\/types\/page"}],"author":[{"embeddable":true,"href":"https:\/\/pauder.de\/index.php?rest_route=\/wp\/v2\/users\/1"}],"replies":[{"embeddable":true,"href":"https:\/\/pauder.de\/index.php?rest_route=%2Fwp%2Fv2%2Fcomments&post=11"}],"version-history":[{"count":13,"href":"https:\/\/pauder.de\/index.php?rest_route=\/wp\/v2\/pages\/11\/revisions"}],"predecessor-version":[{"id":186,"href":"https:\/\/pauder.de\/index.php?rest_route=\/wp\/v2\/pages\/11\/revisions\/186"}],"wp:attachment":[{"href":"https:\/\/pauder.de\/index.php?rest_route=%2Fwp%2Fv2%2Fmedia&parent=11"}],"curies":[{"name":"wp","href":"https:\/\/api.w.org\/{rel}","templated":true}]}}