{"id":255,"date":"2018-05-17T09:26:30","date_gmt":"2018-05-17T07:26:30","guid":{"rendered":"http:\/\/pauder.de\/?page_id=255"},"modified":"2018-05-24T16:01:35","modified_gmt":"2018-05-24T14:01:35","slug":"datenschutzrichtlinien","status":"publish","type":"page","link":"https:\/\/pauder.de\/?page_id=255","title":{"rendered":"Datenschutzrichtlinien"},"content":{"rendered":"<p>Liebe Kunden,<\/p>\n<p>Datenschutz ist\u00a0ein gro\u00dfes Thema\u00a0und die neuen Gesetze regen zun\u00e4chst einmal zum Nachdenken an. Das Kontaktformular musste weichen, ebenso das WhatsApp auf dem Smartphone.<\/p>\n<p>Meine Kundendaten und Patienteninformationen verwalte ich tats\u00e4chlich altmodisch in Papierform und die Emailkontakte sind letzte Woche\u00a0dem Zusammenbruch meines alten Rechners zum\u00a0Opfer gefallen.\u00a0Digitale Fotos, die mir f\u00fcr Tierkommunikation zur Verf\u00fcgung gestellt werden, sind nur\u00a0mit Namen des Tieres und Nachnamen des Halters versehen und\u00a0lassen keine R\u00fcckschl\u00fcsse auf Kontaktdaten zu. Bei allen zuk\u00fcnftigen virtuellen\u00a0Kontakten bitte ich darum, eine kurze Datenschutzinformation zu best\u00e4tigen.<\/p>\n<h3><strong>Zu dieser Website<\/strong><\/h3>\n<p>Der Server erhebt und speichert automatisch in den Server Log Files Informationen, die Ihr Browser \u00fcbermittelt. Dies sind:<\/p>\n<ul>\n<li>Browsertyp\/ -version<\/li>\n<li>verwendetes Betriebssystem<\/li>\n<li>Referrer <abbr lang=\"en\" title=\"Uniform Resource Locator\">URL<\/abbr> (die zuvor besuchte Seite)<\/li>\n<li>Hostname des zugreifenden Rechners (<abbr lang=\"en\" title=\"Internet Protocol\">IP<\/abbr> Adresse)<\/li>\n<li>Uhrzeit der Serveranfrage.<\/li>\n<\/ul>\n<p>Es ist f\u00fcr\u00a0mich nicht m\u00f6glich, diese Daten bestimmten Personen zuzuordnen.<\/p>\n<h3>Auskunftsrecht<\/h3>\n<p>Sie haben jederzeit das Recht auf Auskunft \u00fcber die bez\u00fcglich Ihrer Person gespeicherten Daten, deren Herkunft und Empf\u00e4nger sowie den Zweck der Datenverarbeitung.<\/p>\n<h3>Weitere Informationen<\/h3>\n<p>Ihr Vertrauen ist\u00a0mir wichtig. Daher m\u00f6chte ich\u00a0Ihnen jederzeit Rede und Antwort bez\u00fcglich der Verarbeitung Ihrer personenbezogenen Daten stehen. Wenn Sie Fragen haben, die Ihnen diese Datenschutzerkl\u00e4rung nicht beantworten konnte oder wenn Sie zu einem Punkt vertiefte Informationen w\u00fcnschen, wenden Sie sich bitte jederzeit an mich.<\/p>\n<p>Ihre Andrea Pauder.<\/p>\n","protected":false},"excerpt":{"rendered":"<p>Liebe Kunden, Datenschutz ist\u00a0ein gro\u00dfes Thema\u00a0und die neuen Gesetze regen zun\u00e4chst einmal zum Nachdenken an. Das Kontaktformular musste weichen, ebenso das WhatsApp auf dem Smartphone. Meine Kundendaten und Patienteninformationen verwalte ich tats\u00e4chlich altmodisch in Papierform und die Emailkontakte sind letzte Woche\u00a0dem Zusammenbruch meines alten Rechners zum\u00a0Opfer gefallen.\u00a0Digitale Fotos, die mir f\u00fcr Tierkommunikation zur Verf\u00fcgung gestellt [&hellip;]<\/p>\n","protected":false},"author":2,"featured_media":0,"parent":0,"menu_order":0,"comment_status":"closed","ping_status":"open","template":"full-width-page.php","meta":{"footnotes":""},"class_list":["post-255","page","type-page","status-publish","hentry"],"_links":{"self":[{"href":"https:\/\/pauder.de\/index.php?rest_route=\/wp\/v2\/pages\/255","targetHints":{"allow":["GET"]}}],"collection":[{"href":"https:\/\/pauder.de\/index.php?rest_route=\/wp\/v2\/pages"}],"about":[{"href":"https:\/\/pauder.de\/index.php?rest_route=\/wp\/v2\/types\/page"}],"author":[{"embeddable":true,"href":"https:\/\/pauder.de\/index.php?rest_route=\/wp\/v2\/users\/2"}],"replies":[{"embeddable":true,"href":"https:\/\/pauder.de\/index.php?rest_route=%2Fwp%2Fv2%2Fcomments&post=255"}],"version-history":[{"count":3,"href":"https:\/\/pauder.de\/index.php?rest_route=\/wp\/v2\/pages\/255\/revisions"}],"predecessor-version":[{"id":274,"href":"https:\/\/pauder.de\/index.php?rest_route=\/wp\/v2\/pages\/255\/revisions\/274"}],"wp:attachment":[{"href":"https:\/\/pauder.de\/index.php?rest_route=%2Fwp%2Fv2%2Fmedia&parent=255"}],"curies":[{"name":"wp","href":"https:\/\/api.w.org\/{rel}","templated":true}]}}