{"id":41,"date":"2014-12-09T18:03:35","date_gmt":"2014-12-09T16:03:35","guid":{"rendered":"http:\/\/pauder.de\/?page_id=41"},"modified":"2022-04-28T10:36:04","modified_gmt":"2022-04-28T08:36:04","slug":"willkommen","status":"publish","type":"page","link":"https:\/\/pauder.de\/","title":{"rendered":"Willkommen"},"content":{"rendered":"<h1 class=\"uschrift2\">Willkommen<\/h1>\n<h3 class=\"uschrift2\">auf meiner Internetpr\u00e4senz<\/h3>\n<div class=\"content\"><\/div>\n<div class=\"content\">Als Tierheilpraktikerin und Tierkommunikatorin behandle ich Haus- und Hoftiere mit Naturheilkunde und verst\u00e4ndige mich mit ihnen in der Sprache der Tiere.<br \/>\nMein Spezialgebiet ist das Auffinden von verdeckten Krankheitsursachen und Gr\u00fcnden f\u00fcr Verhaltensauff\u00e4lligkeiten. Jedes Tier ist einzigartig und bekommt bei mir eine individuelle Behandlung.<\/div>\n<div class=\"content\"><\/div>\n<div class=\"content\">Meine <strong>naturheilkundliche Arbeit<\/strong> basiert in erster Linie auf Bioresonanz und manuellen Therapien wie Massage und Akupressur.<\/div>\n<div class=\"content\"><\/div>\n<div class=\"content\">Die <strong>Tierkommunikation<\/strong> ist eine wertvolle Hilfe bei der k\u00f6rperlichen Diagnose, hilft aber auch die seelischen und geistigen Themen von Mensch und Tier zu erkennen.<\/div>\n<div class=\"content\"><\/div>\n<div class=\"content\">Mein <strong>Unterricht in Tierkommunikation<\/strong> und Energiearbeit findet sehr individuell in Kleingruppen oder als Einzelunterricht statt.<\/div>\n<div class=\"content\"><\/div>\n<div class=\"content\">Ich mache Termine nach Vereinbarung. Sie erreichen mich unter der Telefonnummer 04122 &#8211; 989256.<\/div>\n<div><\/div>\n<div><\/div>\n<p><a href=\"http:\/\/pauder.de\/wp-content\/uploads\/2014\/12\/slide1.jpg\"><img loading=\"lazy\" decoding=\"async\" class=\"alignnone size-full wp-image-87\" src=\"http:\/\/pauder.de\/wp-content\/uploads\/2014\/12\/slide1.jpg\" alt=\"slide1\" width=\"1000\" height=\"450\" srcset=\"https:\/\/pauder.de\/wp-content\/uploads\/2014\/12\/slide1.jpg 1000w, https:\/\/pauder.de\/wp-content\/uploads\/2014\/12\/slide1-300x135.jpg 300w\" sizes=\"auto, (max-width: 1000px) 100vw, 1000px\" \/><\/a><a href=\"http:\/\/pauder.de\/wp-content\/uploads\/2014\/12\/slide6.jpg\"><img loading=\"lazy\" decoding=\"async\" class=\"alignnone size-full wp-image-86\" src=\"http:\/\/pauder.de\/wp-content\/uploads\/2014\/12\/slide6.jpg\" alt=\"slide6\" width=\"1000\" height=\"450\" srcset=\"https:\/\/pauder.de\/wp-content\/uploads\/2014\/12\/slide6.jpg 1000w, https:\/\/pauder.de\/wp-content\/uploads\/2014\/12\/slide6-300x135.jpg 300w\" sizes=\"auto, (max-width: 1000px) 100vw, 1000px\" \/><\/a><a href=\"http:\/\/pauder.de\/wp-content\/uploads\/2014\/12\/slide3.jpg\"><img loading=\"lazy\" decoding=\"async\" class=\"alignnone size-full wp-image-89\" src=\"http:\/\/pauder.de\/wp-content\/uploads\/2014\/12\/slide3.jpg\" alt=\"slide3\" width=\"1000\" height=\"450\" srcset=\"https:\/\/pauder.de\/wp-content\/uploads\/2014\/12\/slide3.jpg 1000w, https:\/\/pauder.de\/wp-content\/uploads\/2014\/12\/slide3-300x135.jpg 300w\" sizes=\"auto, (max-width: 1000px) 100vw, 1000px\" \/><\/a><a href=\"http:\/\/pauder.de\/wp-content\/uploads\/2014\/12\/slide2.jpg\"><img loading=\"lazy\" decoding=\"async\" class=\"alignnone size-full wp-image-88\" src=\"http:\/\/pauder.de\/wp-content\/uploads\/2014\/12\/slide2.jpg\" alt=\"slide2\" width=\"1000\" height=\"450\" srcset=\"https:\/\/pauder.de\/wp-content\/uploads\/2014\/12\/slide2.jpg 1000w, https:\/\/pauder.de\/wp-content\/uploads\/2014\/12\/slide2-300x135.jpg 300w\" sizes=\"auto, (max-width: 1000px) 100vw, 1000px\" \/><\/a><a href=\"http:\/\/pauder.de\/wp-content\/uploads\/2014\/12\/slide5.jpg\"><img loading=\"lazy\" decoding=\"async\" class=\"alignnone size-full wp-image-91\" src=\"http:\/\/pauder.de\/wp-content\/uploads\/2014\/12\/slide5.jpg\" alt=\"slide5\" width=\"1000\" height=\"450\" srcset=\"https:\/\/pauder.de\/wp-content\/uploads\/2014\/12\/slide5.jpg 1000w, https:\/\/pauder.de\/wp-content\/uploads\/2014\/12\/slide5-300x135.jpg 300w\" sizes=\"auto, (max-width: 1000px) 100vw, 1000px\" \/><\/a><\/p>\n","protected":false},"excerpt":{"rendered":"<p>Willkommen auf meiner Internetpr\u00e4senz Als Tierheilpraktikerin und Tierkommunikatorin behandle ich Haus- und Hoftiere mit Naturheilkunde und verst\u00e4ndige mich mit ihnen in der Sprache der Tiere. Mein Spezialgebiet ist das Auffinden von verdeckten Krankheitsursachen und Gr\u00fcnden f\u00fcr Verhaltensauff\u00e4lligkeiten. Jedes Tier ist einzigartig und bekommt bei mir eine individuelle Behandlung. Meine naturheilkundliche Arbeit basiert in erster Linie [&hellip;]<\/p>\n","protected":false},"author":1,"featured_media":0,"parent":0,"menu_order":0,"comment_status":"closed","ping_status":"closed","template":"alt-homepage.php","meta":{"footnotes":""},"class_list":["post-41","page","type-page","status-publish","hentry"],"_links":{"self":[{"href":"https:\/\/pauder.de\/index.php?rest_route=\/wp\/v2\/pages\/41","targetHints":{"allow":["GET"]}}],"collection":[{"href":"https:\/\/pauder.de\/index.php?rest_route=\/wp\/v2\/pages"}],"about":[{"href":"https:\/\/pauder.de\/index.php?rest_route=\/wp\/v2\/types\/page"}],"author":[{"embeddable":true,"href":"https:\/\/pauder.de\/index.php?rest_route=\/wp\/v2\/users\/1"}],"replies":[{"embeddable":true,"href":"https:\/\/pauder.de\/index.php?rest_route=%2Fwp%2Fv2%2Fcomments&post=41"}],"version-history":[{"count":54,"href":"https:\/\/pauder.de\/index.php?rest_route=\/wp\/v2\/pages\/41\/revisions"}],"predecessor-version":[{"id":289,"href":"https:\/\/pauder.de\/index.php?rest_route=\/wp\/v2\/pages\/41\/revisions\/289"}],"wp:attachment":[{"href":"https:\/\/pauder.de\/index.php?rest_route=%2Fwp%2Fv2%2Fmedia&parent=41"}],"curies":[{"name":"wp","href":"https:\/\/api.w.org\/{rel}","templated":true}]}}