{"id":5,"date":"2014-12-09T13:35:53","date_gmt":"2014-12-09T11:35:53","guid":{"rendered":"http:\/\/pauder.de\/?page_id=5"},"modified":"2022-04-28T10:37:21","modified_gmt":"2022-04-28T08:37:21","slug":"naturheilkunde","status":"publish","type":"page","link":"https:\/\/pauder.de\/?page_id=5","title":{"rendered":"Naturheilkunde"},"content":{"rendered":"<h3 style=\"text-align: left;\">Bioresonanz<a href=\"http:\/\/pauder.de\/wp-content\/uploads\/2014\/12\/Biores-Chica2.jpg\"><img loading=\"lazy\" decoding=\"async\" class=\"size-medium wp-image-192 alignright\" src=\"http:\/\/pauder.de\/wp-content\/uploads\/2014\/12\/Biores-Chica2-300x201.jpg\" alt=\"Biores Chica2\" width=\"300\" height=\"201\" srcset=\"https:\/\/pauder.de\/wp-content\/uploads\/2014\/12\/Biores-Chica2-300x201.jpg 300w, https:\/\/pauder.de\/wp-content\/uploads\/2014\/12\/Biores-Chica2.jpg 1000w\" sizes=\"auto, (max-width: 300px) 100vw, 300px\" \/><\/a><\/h3>\n<p>Das Bioresonanzger\u00e4t arbeitet mit den Schwingungen des K\u00f6rpers und regt ihn zur Selbstheilung an.<\/p>\n<p>Von der Schulmedizin oft untersch\u00e4tzt aber durchaus wissenschaftlich erwiesen ist, dass Alles aus Schwingungen besteht. Sowohl wir und unsere vierbeinigen Patienten als auch die Pflanzen und Heilmittel, Futter und Futterzus\u00e4tze, Krankheitserreger und Giftstoffe.<\/p>\n<p>Jedes Organ schwingt auf bestimmten Frequenzen, im Krankheitsfall gibt es St\u00f6rschwingungen. Deshalb kann man mit dem Bioresonanzger\u00e4t feststellen, wo der K\u00f6rper nicht im Gleichgewicht ist und regulierend eingreifen.<\/p>\n<p>Das Bioresonanzger\u00e4t verst\u00e4rkt die st\u00e4rkenden und invertiert die st\u00f6renden Schwingungen (das hei\u00dft, es dreht sie sozusagen um). So wird dem K\u00f6rper dann geholfen, belastende Stoffe auszuscheiden und sich selbst zu heilen.<\/p>\n<p>Tiere sind sehr empf\u00e4nglich f\u00fcr Schwingungsmedizin. Die Therapie ist absolut schmerzfrei und die meisten Vierbeiner genie\u00dfen sie ganz entspannt und merken schnell, dass ihnen die Behandlung gut tut.<\/p>\n<p>Wer mehr wissen will, der folge dem Link zu meinem Therapieger\u00e4t: <a href=\"http:\/\/www.bicom-bioresonanz.de\" target=\"_blank\" rel=\"noopener\">www.bicom-bioresonanz.de<\/a><\/p>\n<p>Eine Bioresonanzbehandlung umfasst in der Regel 2-4 verschiedene Programme und dauert meist weniger als eine halbe Stunde. F\u00fcr die Diagnose nehme ich mir sehr viel mehr Zeit, um intensiv nach Krankheitsursachen, Blockaden im K\u00f6rper und belastenden Stoffen zu forschen.<\/p>\n<h3><\/h3>\n<p>&nbsp;<\/p>\n<h3 style=\"text-align: left;\">Massage und K\u00f6rperarbeit <a href=\"http:\/\/pauder.de\/wp-content\/uploads\/2014\/12\/Mass-Charly.jpg\"><img loading=\"lazy\" decoding=\"async\" class=\"size-medium wp-image-190 alignright\" src=\"http:\/\/pauder.de\/wp-content\/uploads\/2014\/12\/Mass-Charly-300x197.jpg\" alt=\"Mass Charly\" width=\"300\" height=\"197\" srcset=\"https:\/\/pauder.de\/wp-content\/uploads\/2014\/12\/Mass-Charly-300x197.jpg 300w, https:\/\/pauder.de\/wp-content\/uploads\/2014\/12\/Mass-Charly-1024x672.jpg 1024w, https:\/\/pauder.de\/wp-content\/uploads\/2014\/12\/Mass-Charly.jpg 1656w\" sizes=\"auto, (max-width: 300px) 100vw, 300px\" \/><\/a><\/h3>\n<p>Neben der klassischen Massage arbeite ich mit Elementen aus Akupressur, TTouch\u00ae, Lymphdrainage, Metamorphischer Methode und Magnified Healing\u00ae; meistens mit einer intuitiven Kombination. Und oft sind sind es die nur kleinen und sanften Ber\u00fchrungen, die Verspannungen beseitigen und auch der Seele helfen.<\/p>\n<p>Bei vielen Hunden, die Probleme mit dem Bewegungsapparat haben, sind Verspannungen f\u00fcr die Schmerzen verantwortlich. Eine Fehlhaltung kann auf Dauer Sch\u00e4den hervorrufen. Mit Massagen und Energiearbeit ist eine starke Entlastung zu erreichen, Muskeln werden aufgebaut, die Zellen angeregt, die Nerven \u201ewachgekitzelt\u201c und Schmerzen reduziert.<\/p>\n<p>Deshalb empfehle ich Massagen vor allem nach Operationen oder Verletzungen, zur Entspannung bei Fehlbelastungen, bei Arthrose und HD sowie zur Reaktivierung\u00a0 bei L\u00e4hmungen. Au\u00dferdem entsteht ein besseres K\u00f6rpergef\u00fchl und damit mehr Sicherheit. Das hei\u00dft, auch bei eventuellen Verhaltensst\u00f6rungen ist K\u00f6rperarbeit sinnvoll. Blockaden werden gel\u00f6st und das Tier entspannt K\u00f6rper, Seele und Geist.<\/p>\n<p>Die Metamorphische Methode ist eine wundervolle Massagetechnik. Sehr sanfte Ber\u00fchrungen an den F\u00fc\u00dfen und am Kopf helfen den Tieren, alte Verhaltensmuster und Blockaden abzulegen und im Hier und Jetzt zu sein. Ich habe diese Massagetechnik erlernt, weil ich sie bei mir selbst sehr zu sch\u00e4tzen gelernt habe.<\/p>\n<p>Eine sehr hoch schwingende Heilenergie ist das Magnified Healing\u00ae, das durch Auflegen der H\u00e4nde oder auch per Fernheilung \u00fcbertragen wird. Es flie\u00dft in meine Massagen mit ein und ich unterst\u00fctze damit meine Arbeit in der Tierkommunikation. Ich arbeite mit dem Magnified Healing\u00ae sehr viel im Bereich der Aura und der Chakren.<\/p>\n","protected":false},"excerpt":{"rendered":"<p>Bioresonanz Das Bioresonanzger\u00e4t arbeitet mit den Schwingungen des K\u00f6rpers und regt ihn zur Selbstheilung an. Von der Schulmedizin oft untersch\u00e4tzt aber durchaus wissenschaftlich erwiesen ist, dass Alles aus Schwingungen besteht. Sowohl wir und unsere vierbeinigen Patienten als auch die Pflanzen und Heilmittel, Futter und Futterzus\u00e4tze, Krankheitserreger und Giftstoffe. Jedes Organ schwingt auf bestimmten Frequenzen, im [&hellip;]<\/p>\n","protected":false},"author":1,"featured_media":0,"parent":0,"menu_order":1,"comment_status":"closed","ping_status":"closed","template":"full-width-page.php","meta":{"footnotes":""},"class_list":["post-5","page","type-page","status-publish","hentry"],"_links":{"self":[{"href":"https:\/\/pauder.de\/index.php?rest_route=\/wp\/v2\/pages\/5","targetHints":{"allow":["GET"]}}],"collection":[{"href":"https:\/\/pauder.de\/index.php?rest_route=\/wp\/v2\/pages"}],"about":[{"href":"https:\/\/pauder.de\/index.php?rest_route=\/wp\/v2\/types\/page"}],"author":[{"embeddable":true,"href":"https:\/\/pauder.de\/index.php?rest_route=\/wp\/v2\/users\/1"}],"replies":[{"embeddable":true,"href":"https:\/\/pauder.de\/index.php?rest_route=%2Fwp%2Fv2%2Fcomments&post=5"}],"version-history":[{"count":21,"href":"https:\/\/pauder.de\/index.php?rest_route=\/wp\/v2\/pages\/5\/revisions"}],"predecessor-version":[{"id":290,"href":"https:\/\/pauder.de\/index.php?rest_route=\/wp\/v2\/pages\/5\/revisions\/290"}],"wp:attachment":[{"href":"https:\/\/pauder.de\/index.php?rest_route=%2Fwp%2Fv2%2Fmedia&parent=5"}],"curies":[{"name":"wp","href":"https:\/\/api.w.org\/{rel}","templated":true}]}}