{"id":7,"date":"2014-12-09T13:36:22","date_gmt":"2014-12-09T11:36:22","guid":{"rendered":"http:\/\/pauder.de\/?page_id=7"},"modified":"2015-04-18T11:21:24","modified_gmt":"2015-04-18T09:21:24","slug":"tiertelepathie","status":"publish","type":"page","link":"https:\/\/pauder.de\/?page_id=7","title":{"rendered":"Tierkommunikation"},"content":{"rendered":"<p><a href=\"http:\/\/pauder.de\/wp-content\/uploads\/2014\/12\/Pyngo-009.jpg\"><img loading=\"lazy\" decoding=\"async\" class=\"size-medium wp-image-202 alignright\" src=\"http:\/\/pauder.de\/wp-content\/uploads\/2014\/12\/Pyngo-009-236x300.jpg\" alt=\"Pyngo 009\" width=\"236\" height=\"300\" srcset=\"https:\/\/pauder.de\/wp-content\/uploads\/2014\/12\/Pyngo-009-236x300.jpg 236w, https:\/\/pauder.de\/wp-content\/uploads\/2014\/12\/Pyngo-009-808x1024.jpg 808w, https:\/\/pauder.de\/wp-content\/uploads\/2014\/12\/Pyngo-009.jpg 1212w\" sizes=\"auto, (max-width: 236px) 100vw, 236px\" \/><\/a>Sprache und Bilder haben eine Schwingung, Gedanken und Gef\u00fchle sind Energie; Tierkommunikation ist die \u00dcbersetzung in Worte.<br \/>\nEs ist sch\u00f6n, die Vorlieben und Abneigungen unserer Vierbeiner aus erster Hand zu erfahren. Und auch so manche Eigenarten und Verhaltensweisen erkl\u00e4ren zu k\u00f6nnen.<\/p>\n<p>F\u00fcr mich steht die Suche nach Krankheitsursachen und eventuellen Schmerzen im Vordergrund und neben der direkten Kommunikation hilft mir auch das Sehen und Sp\u00fcren der Aura und der Chakren, um ein genaues Bild von meinen Patienten zu bekommen und St\u00f6rungen im Energiefeld behandeln zu k\u00f6nnen.<\/p>\n<p>Auch die Trauerarbeit ist mir sehr wichtig. Sterbende Tiere werden mit Hilfe der Tierkommunikation liebevoll begleitet und k\u00f6nnen durchaus bei den wohl schwersten Entscheidungen um Rat gefragt werden.<br \/>\nIn der Tierkommunikation offenbart sich, wie weise unsere vierbeinigen Gef\u00e4hrten sind. Wenn wir ihnen nur zuh\u00f6ren, erz\u00e4hlen sie uns eine Menge \u00fcber uns selbst und oft kann ich dazu beitragen, da\u00df Mensch und Tier sich besser wahrnehmen und verstehen.<\/p>\n","protected":false},"excerpt":{"rendered":"<p>Sprache und Bilder haben eine Schwingung, Gedanken und Gef\u00fchle sind Energie; Tierkommunikation ist die \u00dcbersetzung in Worte. Es ist sch\u00f6n, die Vorlieben und Abneigungen unserer Vierbeiner aus erster Hand zu erfahren. Und auch so manche Eigenarten und Verhaltensweisen erkl\u00e4ren zu k\u00f6nnen. F\u00fcr mich steht die Suche nach Krankheitsursachen und eventuellen Schmerzen im Vordergrund und neben [&hellip;]<\/p>\n","protected":false},"author":1,"featured_media":0,"parent":0,"menu_order":2,"comment_status":"closed","ping_status":"closed","template":"full-width-page.php","meta":{"footnotes":""},"class_list":["post-7","page","type-page","status-publish","hentry"],"_links":{"self":[{"href":"https:\/\/pauder.de\/index.php?rest_route=\/wp\/v2\/pages\/7","targetHints":{"allow":["GET"]}}],"collection":[{"href":"https:\/\/pauder.de\/index.php?rest_route=\/wp\/v2\/pages"}],"about":[{"href":"https:\/\/pauder.de\/index.php?rest_route=\/wp\/v2\/types\/page"}],"author":[{"embeddable":true,"href":"https:\/\/pauder.de\/index.php?rest_route=\/wp\/v2\/users\/1"}],"replies":[{"embeddable":true,"href":"https:\/\/pauder.de\/index.php?rest_route=%2Fwp%2Fv2%2Fcomments&post=7"}],"version-history":[{"count":14,"href":"https:\/\/pauder.de\/index.php?rest_route=\/wp\/v2\/pages\/7\/revisions"}],"predecessor-version":[{"id":203,"href":"https:\/\/pauder.de\/index.php?rest_route=\/wp\/v2\/pages\/7\/revisions\/203"}],"wp:attachment":[{"href":"https:\/\/pauder.de\/index.php?rest_route=%2Fwp%2Fv2%2Fmedia&parent=7"}],"curies":[{"name":"wp","href":"https:\/\/api.w.org\/{rel}","templated":true}]}}