{"id":9,"date":"2014-12-09T13:36:46","date_gmt":"2014-12-09T11:36:46","guid":{"rendered":"http:\/\/pauder.de\/?page_id=9"},"modified":"2019-11-05T18:10:35","modified_gmt":"2019-11-05T16:10:35","slug":"fallbeispiele","status":"publish","type":"page","link":"https:\/\/pauder.de\/?page_id=9","title":{"rendered":"Unterricht"},"content":{"rendered":"<p><a href=\"http:\/\/pauder.de\/wp-content\/uploads\/2014\/12\/Praxis-innen.jpg\"><img decoding=\"async\" class=\"size-medium wp-image-120 alignright\" src=\"http:\/\/pauder.de\/wp-content\/uploads\/2014\/12\/Praxis-innen-225x300.jpg\" alt=\"Praxis innen\" width=\"250\" srcset=\"https:\/\/pauder.de\/wp-content\/uploads\/2014\/12\/Praxis-innen-225x300.jpg 225w, https:\/\/pauder.de\/wp-content\/uploads\/2014\/12\/Praxis-innen.jpg 750w\" sizes=\"(max-width: 225px) 100vw, 225px\" \/><\/a><\/p>\n<p>Bislang habe ich folgende Kurse in mehr oder weniger regelm\u00e4\u00dfigen Abst\u00e4nden angeboten:<\/p>\n<p><strong>Tierkommunikation I (Anf\u00e4ngerkurs)<\/strong><\/p>\n<p>Tagesseminar von 10:30 bis 12:30 Uhr und von 14:00 bis 17:00 Uhr, 120,-\u20ac pro Person<\/p>\n<p><strong>Schnupperkurs Tierkommunikation<\/strong><\/p>\n<p>Ein Abend mit einf\u00fchrenden Erkl\u00e4rungen und \u00dcbungen von 18:00 bis 20:30 Uhr, 60,-\u20ac pro Person<\/p>\n<p><strong>Energetischer Schutz und Erdung<\/strong><\/p>\n<p>Abendseminar von 18:00 bis 20:30 Uhr, 60,-\u20ac pro Person.<\/p>\n<p><strong>Energetische Reinigung<br \/>\n<\/strong><\/p>\n<p>Abendseminar von 18:00 bis 20:30 Uhr, 60,-\u20ac pro Person.<\/p>\n<p><strong>Einzelstunden in Tierkommunikation \/ Spirituelle Beratung<br \/>\n<\/strong><\/p>\n<p>Es hat sich gezeigt, dass das Unterrichten der Tierkommunikation im Laufe der Zeit immer einfacher wurde und gleichzeitig individueller werden durfte. Von daher biete ich im Moment am liebsten Einzelstunden an. Und da finden sich dann alle Themen &#8230; von Spiritueller Beratung \u00fcber Energetischen Schutz, Erdung, Reinigung und Telepathie.<\/p>\n<p>Tierkommunikation ist sehr individuell. Man kann \u00fcber Gef\u00fchle, Bilder oder Worte kommunizieren, \u00fcber das Herzchakra, das 3. Auge oder einfach drauf los. Und w\u00e4hrend es dem einen an Schutz oder Abgrenzung mangelt, fehlt dem anderen vielleicht Erdung\u00a0 oder es gibt begrenzende Glaubensmuster. Vielen von uns f\u00e4llt es schwer, den Kopf frei zu kriegen und der Intuition mehr Raum zu geben. Lasst uns daran arbeiten &#8211; unsere Tiere zeigen uns wie es geht und freuen sich \u00fcber jeden unserer Schritte in diese Richtung, auch wenn er noch so klein scheint. Mein Stundensatz im Einzelcoaching betr\u00e4gt 60,-\u20ac.<\/p>\n<p>&nbsp;<\/p>\n","protected":false},"excerpt":{"rendered":"<p>Bislang habe ich folgende Kurse in mehr oder weniger regelm\u00e4\u00dfigen Abst\u00e4nden angeboten: Tierkommunikation I (Anf\u00e4ngerkurs) Tagesseminar von 10:30 bis 12:30 Uhr und von 14:00 bis 17:00 Uhr, 120,-\u20ac pro Person Schnupperkurs Tierkommunikation Ein Abend mit einf\u00fchrenden Erkl\u00e4rungen und \u00dcbungen von 18:00 bis 20:30 Uhr, 60,-\u20ac pro Person Energetischer Schutz und Erdung Abendseminar von 18:00 bis [&hellip;]<\/p>\n","protected":false},"author":1,"featured_media":0,"parent":0,"menu_order":3,"comment_status":"closed","ping_status":"closed","template":"full-width-page.php","meta":{"footnotes":""},"class_list":["post-9","page","type-page","status-publish","hentry"],"_links":{"self":[{"href":"https:\/\/pauder.de\/index.php?rest_route=\/wp\/v2\/pages\/9","targetHints":{"allow":["GET"]}}],"collection":[{"href":"https:\/\/pauder.de\/index.php?rest_route=\/wp\/v2\/pages"}],"about":[{"href":"https:\/\/pauder.de\/index.php?rest_route=\/wp\/v2\/types\/page"}],"author":[{"embeddable":true,"href":"https:\/\/pauder.de\/index.php?rest_route=\/wp\/v2\/users\/1"}],"replies":[{"embeddable":true,"href":"https:\/\/pauder.de\/index.php?rest_route=%2Fwp%2Fv2%2Fcomments&post=9"}],"version-history":[{"count":23,"href":"https:\/\/pauder.de\/index.php?rest_route=\/wp\/v2\/pages\/9\/revisions"}],"predecessor-version":[{"id":279,"href":"https:\/\/pauder.de\/index.php?rest_route=\/wp\/v2\/pages\/9\/revisions\/279"}],"wp:attachment":[{"href":"https:\/\/pauder.de\/index.php?rest_route=%2Fwp%2Fv2%2Fmedia&parent=9"}],"curies":[{"name":"wp","href":"https:\/\/api.w.org\/{rel}","templated":true}]}}